{"id":117,"date":"2023-01-07T19:57:08","date_gmt":"2023-01-07T18:57:08","guid":{"rendered":"https:\/\/www.lalinda-kosmetik.de\/?page_id=117"},"modified":"2026-03-16T10:22:41","modified_gmt":"2026-03-16T09:22:41","slug":"fusspflege","status":"publish","type":"page","link":"https:\/\/www.lalinda-kosmetik.de\/index.php\/fusspflege\/","title":{"rendered":"Kosmetische Fu\u00dfpflege"},"content":{"rendered":"\n<p>Die kosmetische Fu\u00dfpflege verw\u00f6hnt, entspannt und dient der Gesunderhaltung Ihrer F\u00fc\u00dfe. Die sorgf\u00e4ltige Pflege sowie die Beseitigung kleinerer kosmetischer Probleme stehen hierbei im Mittelpunkt. Nach dem Schneiden, Feilen und Pflegen der Fu\u00dfn\u00e4gel und einer wohltuenden Fu\u00dfmassage sehen die F\u00fc\u00dfe wieder frisch und gepflegt aus, und f\u00fchlen sich auch so an.<\/p>\n\n\n\n<ul class=\"wp-block-list\">\n<li>Schneiden und Feilen der Zehenn\u00e4gel<\/li>\n\n\n\n<li>Entfernen der Hornhaut <\/li>\n\n\n\n<li>Beseitigung abgestorbener Nagelhaut<\/li>\n\n\n\n<li>Eincremen der F\u00fc\u00dfe<\/li>\n\n\n\n<li>Fu\u00dfmassage<\/li>\n\n\n\n<li>auf Wunsch: Lackieren der Zehenn\u00e4gel <\/li>\n<\/ul>\n\n\n\n<h3 class=\"wp-block-heading\">Die kosmetische Pedik\u00fcre bietet nicht nur f\u00fcr strapazierte F\u00fc\u00dfe eine<\/h3>\n\n\n\n<ul class=\"wp-block-list\">\n<li>Versch\u00f6nerung f\u00fcr ein frisches und gepflegtes Erscheinungsbild<\/li>\n\n\n\n<li>reichhaltige Fu\u00dfpflege f\u00fcr die Haut und N\u00e4gel<\/li>\n\n\n\n<li>Verw\u00f6hnung und Entspannung des gesamten K\u00f6rpers<\/li>\n\n\n\n<li>die Gesunderhaltung und Vorbeugung vor Fu\u00dfkrankheiten <\/li>\n<\/ul>\n\n\n\n<p><strong>35-45 min. Kosten 36.- \u20ac<\/strong><\/p>\n\n\n\n<p>Lackieren der N\u00e4gel 5.- \u20ac <\/p>\n\n\n<div class=\"wp-block-image\">\n<figure class=\"alignleft size-large is-resized\"><img loading=\"lazy\" decoding=\"async\" width=\"940\" height=\"1024\" src=\"https:\/\/www.lalinda-kosmetik.de\/wp-content\/uploads\/2023\/01\/Screenshot_20210510-204202_WhatsApp-940x1024.jpg\" alt=\"\" class=\"wp-image-200\" style=\"width:277px;height:303px\" srcset=\"https:\/\/www.lalinda-kosmetik.de\/wp-content\/uploads\/2023\/01\/Screenshot_20210510-204202_WhatsApp-940x1024.jpg 940w, https:\/\/www.lalinda-kosmetik.de\/wp-content\/uploads\/2023\/01\/Screenshot_20210510-204202_WhatsApp-275x300.jpg 275w, https:\/\/www.lalinda-kosmetik.de\/wp-content\/uploads\/2023\/01\/Screenshot_20210510-204202_WhatsApp-768x837.jpg 768w, https:\/\/www.lalinda-kosmetik.de\/wp-content\/uploads\/2023\/01\/Screenshot_20210510-204202_WhatsApp.jpg 992w\" sizes=\"auto, (max-width: 940px) 100vw, 940px\" \/><\/figure>\n<\/div>","protected":false},"excerpt":{"rendered":"<p>Die kosmetische Fu\u00dfpflege verw\u00f6hnt, entspannt und dient der Gesunderhaltung Ihrer F\u00fc\u00dfe. Die sorgf\u00e4ltige Pflege sowie die Beseitigung kleinerer kosmetischer Probleme stehen hierbei im Mittelpunkt. Nach dem Schneiden, Feilen und Pflegen der Fu\u00dfn\u00e4gel und einer wohltuenden Fu\u00dfmassage sehen die F\u00fc\u00dfe wieder frisch und gepflegt aus, und f\u00fchlen sich auch so an. Die kosmetische Pedik\u00fcre bietet nicht <a class=\"read-more\" href=\"https:\/\/www.lalinda-kosmetik.de\/index.php\/fusspflege\/\">READ MORE<\/a><\/p>\n","protected":false},"author":1,"featured_media":0,"parent":0,"menu_order":0,"comment_status":"closed","ping_status":"closed","template":"","meta":{"footnotes":""},"class_list":["post-117","page","type-page","status-publish","hentry"],"_links":{"self":[{"href":"https:\/\/www.lalinda-kosmetik.de\/index.php\/wp-json\/wp\/v2\/pages\/117","targetHints":{"allow":["GET"]}}],"collection":[{"href":"https:\/\/www.lalinda-kosmetik.de\/index.php\/wp-json\/wp\/v2\/pages"}],"about":[{"href":"https:\/\/www.lalinda-kosmetik.de\/index.php\/wp-json\/wp\/v2\/types\/page"}],"author":[{"embeddable":true,"href":"https:\/\/www.lalinda-kosmetik.de\/index.php\/wp-json\/wp\/v2\/users\/1"}],"replies":[{"embeddable":true,"href":"https:\/\/www.lalinda-kosmetik.de\/index.php\/wp-json\/wp\/v2\/comments?post=117"}],"version-history":[{"count":15,"href":"https:\/\/www.lalinda-kosmetik.de\/index.php\/wp-json\/wp\/v2\/pages\/117\/revisions"}],"predecessor-version":[{"id":364,"href":"https:\/\/www.lalinda-kosmetik.de\/index.php\/wp-json\/wp\/v2\/pages\/117\/revisions\/364"}],"wp:attachment":[{"href":"https:\/\/www.lalinda-kosmetik.de\/index.php\/wp-json\/wp\/v2\/media?parent=117"}],"curies":[{"name":"wp","href":"https:\/\/api.w.org\/{rel}","templated":true}]}}