{"id":2,"date":"2022-04-26T10:07:26","date_gmt":"2022-04-26T10:07:26","guid":{"rendered":"https:\/\/www.lalinda-kosmetik.de\/?page_id=2"},"modified":"2023-01-26T20:36:54","modified_gmt":"2023-01-26T19:36:54","slug":"sample-page","status":"publish","type":"page","link":"https:\/\/www.lalinda-kosmetik.de\/index.php\/sample-page\/","title":{"rendered":"\u00dcber mich"},"content":{"rendered":"\n<p>Ich freue mich, dass Du mehr \u00fcber meine Pers\u00f6nlichkeit erfahren m\u00f6chtest!<\/p>\n\n\n\n<p>Schon als junge Frau half ich nach der Schule in einer Parf\u00fcmerie aus. Dort wurde mir auch bewusst, dass ich den Weg der Hygiene und Pflege einschlagen m\u00f6chte. So schloss ich 2006 meine Ausbildung zur&nbsp;<a rel=\"noreferrer noopener\" href=\"https:\/\/www.lalinda-kosmetik.de\/wp-content\/uploads\/2023\/01\/PXL_20230106_172721398.PORTRAIT-1.jpg\" target=\"_blank\"><strong>staatlich gepr\u00fcften Kosmetikerin<\/strong><\/a>&nbsp;erfolgreich mit meiner Fachhochschulreife auf dem Berufskolleg Vera Beckers in Krefeld ab. <\/p>\n\n\n\n<p>Nachdem ich in der Parf\u00fcmerie, im Vabali Spa, und in der Buchhaltung als weitere Ausbildung meine Berufserfahrung gesammelt habe, kann ich meinen Traum von LA LINDA KOSMETIK im Eigenheim verwirklichen und meine zwei Kinder, Haus und Beruf in Einklang bringen!<\/p>\n\n\n\n<p>Ich bin frei und mein Herz ist ge\u00f6ffnet f\u00fcr so viel sch\u00f6ne Auszeiten mit meinen Kunden. Fernab vom Verkaufsdruck, der einem das Genie\u00dfen und den Moment im hier und jetzt nimmt. Das Wichtigste f\u00fcr mich in meiner Behandlung ist HAUTKONTAKT! Ich schenke meinen Kundinnen liebevolle Ber\u00fchrungen und w\u00e4rmende Geborgenheit, h\u00f6re Ihnen achtsam zu und gebe gerne Ratschl\u00e4ge. Meine Kosmetik ist mit Herz!<\/p>\n\n\n\n<p>,,Die Atmosph\u00e4re bei Ihnen und Ihre Zugewandtheit sind ein ganz besonderer Schatz\u201c &#8211; diese Worte einer Kundin ber\u00fchrten mich sehr und spiegeln das wider, was ich bin und sein m\u00f6chte! Denn wenn die Kundin mir ihr Vertrauen schenkt und loslassen kann, wird die Massage nicht nur ein Teil der Behandlung, sondern ein wertvoller Augenblick des Genie\u00dfens! Wenn ich meine Augen schlie\u00dfe und im gleichen Atemrhythmus sanft Gesicht, Hals und Dekollet\u00e9 massiere, sp\u00fcre ich, wie Anspannungen, Unruhe und Alltagsstress weichen und begleite Sie in eine harmonievolle Entspannung!<\/p>\n\n\n\n<p>Ich freue mich auf Sie und auf eine gemeinsame Auszeit!<\/p>\n\n\n\n<figure class=\"wp-block-image size-full is-resized\"><img loading=\"lazy\" decoding=\"async\" src=\"https:\/\/www.lalinda-kosmetik.de\/wp-content\/uploads\/2023\/01\/Foto.jpg\" alt=\"\" class=\"wp-image-181\" width=\"245\" height=\"368\" srcset=\"https:\/\/www.lalinda-kosmetik.de\/wp-content\/uploads\/2023\/01\/Foto.jpg 653w, https:\/\/www.lalinda-kosmetik.de\/wp-content\/uploads\/2023\/01\/Foto-200x300.jpg 200w\" sizes=\"auto, (max-width: 245px) 100vw, 245px\" \/><\/figure>\n","protected":false},"excerpt":{"rendered":"<p>Ich freue mich, dass Du mehr \u00fcber meine Pers\u00f6nlichkeit erfahren m\u00f6chtest! Schon als junge Frau half ich nach der Schule in einer Parf\u00fcmerie aus. Dort wurde mir auch bewusst, dass ich den Weg der Hygiene und Pflege einschlagen m\u00f6chte. So schloss ich 2006 meine Ausbildung zur&nbsp;staatlich gepr\u00fcften Kosmetikerin&nbsp;erfolgreich mit meiner Fachhochschulreife auf dem Berufskolleg Vera <a class=\"read-more\" href=\"https:\/\/www.lalinda-kosmetik.de\/index.php\/sample-page\/\">READ MORE<\/a><\/p>\n","protected":false},"author":1,"featured_media":0,"parent":0,"menu_order":0,"comment_status":"closed","ping_status":"open","template":"","meta":{"footnotes":""},"class_list":["post-2","page","type-page","status-publish","hentry"],"_links":{"self":[{"href":"https:\/\/www.lalinda-kosmetik.de\/index.php\/wp-json\/wp\/v2\/pages\/2","targetHints":{"allow":["GET"]}}],"collection":[{"href":"https:\/\/www.lalinda-kosmetik.de\/index.php\/wp-json\/wp\/v2\/pages"}],"about":[{"href":"https:\/\/www.lalinda-kosmetik.de\/index.php\/wp-json\/wp\/v2\/types\/page"}],"author":[{"embeddable":true,"href":"https:\/\/www.lalinda-kosmetik.de\/index.php\/wp-json\/wp\/v2\/users\/1"}],"replies":[{"embeddable":true,"href":"https:\/\/www.lalinda-kosmetik.de\/index.php\/wp-json\/wp\/v2\/comments?post=2"}],"version-history":[{"count":20,"href":"https:\/\/www.lalinda-kosmetik.de\/index.php\/wp-json\/wp\/v2\/pages\/2\/revisions"}],"predecessor-version":[{"id":325,"href":"https:\/\/www.lalinda-kosmetik.de\/index.php\/wp-json\/wp\/v2\/pages\/2\/revisions\/325"}],"wp:attachment":[{"href":"https:\/\/www.lalinda-kosmetik.de\/index.php\/wp-json\/wp\/v2\/media?parent=2"}],"curies":[{"name":"wp","href":"https:\/\/api.w.org\/{rel}","templated":true}]}}